{"id":59,"date":"2013-11-23T13:23:48","date_gmt":"2013-11-23T12:23:48","guid":{"rendered":"http:\/\/www.olsvikskolekorps.no\/?page_id=59"},"modified":"2024-01-28T11:25:15","modified_gmt":"2024-01-28T10:25:15","slug":"17-mai","status":"publish","type":"page","link":"https:\/\/www.olsvikskolekorps.no\/?page_id=59","title":{"rendered":"17. mai"},"content":{"rendered":"<h2><a href=\"http:\/\/www.olsvikskolekorps.no\/wp-content\/uploads\/flagg-no.gif\"><img decoding=\"async\" loading=\"lazy\" class=\"alignleft size-full wp-image-114\" src=\"http:\/\/www.olsvikskolekorps.no\/wp-content\/uploads\/flagg-no.gif\" alt=\"flagg-no\" width=\"161\" height=\"118\" \/><\/a>17.mai i Olsvik<\/h2>\n<p>Historisk sett var det Olsvik skolekorps, Olsvik idrettslag (OIL) og FAU ved Olsvik skole som har g\u00e5tt sammen for \u00e5 lage et flott 17. mai-arrangement p\u00e5 Olsvik skole.<\/p>\n<p>Fra 2019 har korpset v\u00e6rt for lite til \u00e5 kunne ta p\u00e5 seg 17-Mai arrangementet, og g\u00e5r n\u00e5 kun morgentog i n\u00e6romr\u00e5det.<\/p>\n<p><span style=\"color: revert; font-size: 18px; font-weight: revert;\">17-Mai program for Olsvik skolekorps:<\/span><\/p>\n<p>Programmet er stort sett likt, med sm\u00e5 forandringer fra \u00e5r til \u00e5r:<\/p>\n<ul>\n<li>08:00 &#8211; Flaggheis p\u00e5 skolen ved Olsvik skolekorps, Nasjonalsangen<\/li>\n<li>08:05 &#8211; Korpset marsjerer ut fra skolen gjennom Olsvikmarken og Olsvikstallen<\/li>\n<li>ca. 08:10 &#8211; Korpset spiller til flaggheis i Fagertunet<\/li>\n<li>ca. 08:20 &#8211; Korpset spiller til flaggheis i Olsvikstallen<\/li>\n<\/ul>\n","protected":false},"excerpt":{"rendered":"<p>17.mai i Olsvik Historisk sett var det Olsvik skolekorps, Olsvik idrettslag (OIL) og FAU ved Olsvik skole som har g\u00e5tt sammen for \u00e5 lage et flott 17. mai-arrangement p\u00e5 Olsvik skole. Fra 2019 har korpset v\u00e6rt for lite til \u00e5 kunne ta p\u00e5 seg 17-Mai arrangementet, og g\u00e5r n\u00e5 kun morgentog i n\u00e6romr\u00e5det. 17-Mai program [&hellip;]<\/p>\n","protected":false},"author":1,"featured_media":0,"parent":0,"menu_order":0,"comment_status":"closed","ping_status":"closed","template":"","meta":[],"_links":{"self":[{"href":"https:\/\/www.olsvikskolekorps.no\/index.php?rest_route=\/wp\/v2\/pages\/59"}],"collection":[{"href":"https:\/\/www.olsvikskolekorps.no\/index.php?rest_route=\/wp\/v2\/pages"}],"about":[{"href":"https:\/\/www.olsvikskolekorps.no\/index.php?rest_route=\/wp\/v2\/types\/page"}],"author":[{"embeddable":true,"href":"https:\/\/www.olsvikskolekorps.no\/index.php?rest_route=\/wp\/v2\/users\/1"}],"replies":[{"embeddable":true,"href":"https:\/\/www.olsvikskolekorps.no\/index.php?rest_route=%2Fwp%2Fv2%2Fcomments&post=59"}],"version-history":[{"count":20,"href":"https:\/\/www.olsvikskolekorps.no\/index.php?rest_route=\/wp\/v2\/pages\/59\/revisions"}],"predecessor-version":[{"id":609,"href":"https:\/\/www.olsvikskolekorps.no\/index.php?rest_route=\/wp\/v2\/pages\/59\/revisions\/609"}],"wp:attachment":[{"href":"https:\/\/www.olsvikskolekorps.no\/index.php?rest_route=%2Fwp%2Fv2%2Fmedia&parent=59"}],"curies":[{"name":"wp","href":"https:\/\/api.w.org\/{rel}","templated":true}]}}