{"id":50,"date":"2013-11-23T13:17:03","date_gmt":"2013-11-23T12:17:03","guid":{"rendered":"http:\/\/www.olsvikskolekorps.no\/?page_id=50"},"modified":"2018-12-19T00:04:40","modified_gmt":"2018-12-18T23:04:40","slug":"grasrotandelen","status":"publish","type":"page","link":"https:\/\/www.olsvikskolekorps.no\/?page_id=50","title":{"rendered":"Grasrotandelen"},"content":{"rendered":"<h2>Hva er Grasrotandelen?<\/h2>\n<p><img decoding=\"async\" loading=\"lazy\" class=\"size-medium wp-image-439 alignleft\" src=\"http:\/\/www.olsvikskolekorps.no\/wp-content\/uploads\/Grasrot-Plakat-Helside-219x300.png\" alt=\"Grasrot Plakat Helside\" width=\"219\" height=\"300\" srcset=\"https:\/\/www.olsvikskolekorps.no\/wp-content\/uploads\/Grasrot-Plakat-Helside-219x300.png 219w, https:\/\/www.olsvikskolekorps.no\/wp-content\/uploads\/Grasrot-Plakat-Helside-768x1052.png 768w, https:\/\/www.olsvikskolekorps.no\/wp-content\/uploads\/Grasrot-Plakat-Helside-747x1024.png 747w, https:\/\/www.olsvikskolekorps.no\/wp-content\/uploads\/Grasrot-Plakat-Helside-624x855.png 624w\" sizes=\"(max-width: 219px) 100vw, 219px\" \/><\/p>\n<p>Tenk deg at du kan spille favorittspillene dine \u2013 Lotto, Tipping, Joker og Oddsen\u00a0for eksempel \u2013 og samtidig gi noe mer til det laget eller den foreningen du selv \u00f8nsker \u00e5 st\u00f8tte. Dette er n\u00e5 mulig via Grasrotandelen. Ved spill hos Norsk Tipping vil 7 % av innsatsen g\u00e5 direkte til ditt lag eller forening (gjelder ikke Extra og Flax).<\/p>\n<p>Merk at Grasrotandelen ikke p\u00e5 noen m\u00e5te g\u00e5r ut over innsatsen eller premien din &#8211; s\u00e5 <strong>det koster deg ikke noe \u00e5 v\u00e6re grasrotgiver!<\/strong><\/p>\n<p><strong>Vi oppfordrer deg til \u00e5 st\u00f8tte oss i Olsvik skolekorps! <\/strong>St\u00f8tten g\u00e5r da til barn og ungdom i Olsvik-omr\u00e5det, ved \u00e5 l\u00e5ne dem instrumenter og gi dem oppl\u00e6ring i \u00e5 beherske instrumentet og spille i et musikkorps. Vi gir ungdommen en flott hobby som de kan ha nytte av hele livet!<\/p>\n<p>Du kan lese mer om Grasrotandelen p\u00e5 <a href=\"https:\/\/www.norsk-tipping.no\/grasrotandelen\/\" target=\"_blank\">https:\/\/www.norsk-tipping.no\/grasrotandelen\/<\/a><a href=\"https:\/\/www.norsk-tipping.no\/grasrotandelen\/\" target=\"_blank\">.<\/a><\/p>\n<p>&nbsp;<\/p>\n<h2>Hvordan velger jeg min Grasrotmottager?<\/h2>\n<p>Du kan velge Olsvik skolekorps som din grasrotmottaker p\u00e5 flere\u00a0m\u00e5ter. Her er tre:<\/p>\n<blockquote>\n<ol>\n<li>Be tippekommisjon\u00e6ren registrere OLSVIK SKOLEKORPS som din grasrotmottager. &#8211;<\/li>\n<li>Logg deg inn p\u00e5 Norsk Tipping sine internettsider og velg Olsvik skolekorps som din Grasrotmottager. &#8211;<\/li>\n<li>Send SMS: \u00ab<strong>GRASROTANDELEN 976301560<\/strong>\u00bb til 60000. Tjenesten er gratis. <em>For at dette skal fungere m\u00e5 du ha registrert deg som bruker\u00a0p\u00e5 Norsk Tipping sine internettsider, og ha registrert\u00a0mobilnummeret ditt i profilen din.<\/em><\/li>\n<\/ol>\n<\/blockquote>\n<p>Fortell familie og venner at de kan velge OLSVIK SKOLEKORPS som sin Grasrotmottager.<\/p>\n","protected":false},"excerpt":{"rendered":"<p>Hva er Grasrotandelen? Tenk deg at du kan spille favorittspillene dine \u2013 Lotto, Tipping, Joker og Oddsen\u00a0for eksempel \u2013 og samtidig gi noe mer til det laget eller den foreningen du selv \u00f8nsker \u00e5 st\u00f8tte. Dette er n\u00e5 mulig via Grasrotandelen. Ved spill hos Norsk Tipping vil 7 % av innsatsen g\u00e5 direkte til ditt [&hellip;]<\/p>\n","protected":false},"author":1,"featured_media":0,"parent":0,"menu_order":0,"comment_status":"closed","ping_status":"closed","template":"","meta":[],"_links":{"self":[{"href":"https:\/\/www.olsvikskolekorps.no\/index.php?rest_route=\/wp\/v2\/pages\/50"}],"collection":[{"href":"https:\/\/www.olsvikskolekorps.no\/index.php?rest_route=\/wp\/v2\/pages"}],"about":[{"href":"https:\/\/www.olsvikskolekorps.no\/index.php?rest_route=\/wp\/v2\/types\/page"}],"author":[{"embeddable":true,"href":"https:\/\/www.olsvikskolekorps.no\/index.php?rest_route=\/wp\/v2\/users\/1"}],"replies":[{"embeddable":true,"href":"https:\/\/www.olsvikskolekorps.no\/index.php?rest_route=%2Fwp%2Fv2%2Fcomments&post=50"}],"version-history":[{"count":4,"href":"https:\/\/www.olsvikskolekorps.no\/index.php?rest_route=\/wp\/v2\/pages\/50\/revisions"}],"predecessor-version":[{"id":438,"href":"https:\/\/www.olsvikskolekorps.no\/index.php?rest_route=\/wp\/v2\/pages\/50\/revisions\/438"}],"wp:attachment":[{"href":"https:\/\/www.olsvikskolekorps.no\/index.php?rest_route=%2Fwp%2Fv2%2Fmedia&parent=50"}],"curies":[{"name":"wp","href":"https:\/\/api.w.org\/{rel}","templated":true}]}}