{"id":27,"date":"2013-11-23T12:47:18","date_gmt":"2013-11-23T11:47:18","guid":{"rendered":"http:\/\/www.olsvikskolekorps.no\/?page_id=27"},"modified":"2024-05-25T16:46:41","modified_gmt":"2024-05-25T14:46:41","slug":"rekruttering","status":"publish","type":"page","link":"https:\/\/www.olsvikskolekorps.no\/?page_id=27","title":{"rendered":"Har du lyst \u00e5 begynne?"},"content":{"rendered":"<h2>Olsvik skolekorps \u00f8ver i ulike grupper om onsdagene p\u00e5 Olsvik skole og her er alle hjertelig velkommen! Har du spilt tidligere eller spiller n\u00e5, er du velkommen til \u00e5 begynne rett i hovedkorpset eller juniorkorpset (ut ifra alder). Korpset \u00f8ver kl 18.00-19.00. Kontingent pr halv\u00e5r er kr 1000,- Alle medlemmer f\u00e5r 30 min individuell instruksjon, samt f\u00e5r l\u00e5ne instrumenter og utstyr. Ta kontakt p\u00e5 mail: styret(kr\u00f8llalfa)olsvikskolekorps.no eller via facebook: Olsvik skolekorps<\/h2>\n<p><strong>Generell info<\/strong><\/p>\n<p>Nye musikanter, aspiranter (kalles aspiranter 1. spille\u00e5r), er alltid velkommen. Korpset deler ut informasjon og p\u00e5meldingsskjema. Elevene f\u00e5r se og pr\u00f8ve de instrumenter vi skal starte oppl\u00e6ring p\u00e5. Har man elever i h\u00f8yere klassetrinn som \u00f8nsker \u00e5 begynne, er det bare \u00e5 sende en mail til oss.<\/p>\n<p>Normalt inviterer vi til oppl\u00e6ring p\u00e5 3-5 forskjellige instrumenter, dette vil v\u00e6re avhengig av korpsets sammensetting og hvilke instrumentgrupper det er behov for \u00e5 ta inn.<\/p>\n<p>Man f\u00e5r oppl\u00e6ring p\u00e5 eget instrument i individuelle \u00f8velser med instrukt\u00f8r, eller i sm\u00e5 grupper.<br \/>\nI tillegg har man felles\u00f8velser:<br \/>\nDet f\u00f8rste \u00e5ret har man felles\u00f8velser i aspirantkorps, onsdager kl 18-19.<br \/>\nDet andre eller tredje \u00e5ret\u00a0har man felles\u00f8velser\u00a0i juniorkorpset onsdager kl 18-19.<br \/>\nFra det tredje eller fjerde \u00e5ret har man felles\u00f8velser onsdager kl. 18-19 i hovedkorpset.<\/p>\n<p><strong>Hva koster det \u00e5 g\u00e5 i Olsvik skolekorps?<\/strong> Kontingenten for medlemsskapet fastsettes hvert \u00e5r p\u00e5 \u00e5rsm\u00f8te i mars, den er n\u00e5 p\u00e5 kr. 1000 per halv\u00e5r for hovedmedlem, og kr. 800 for s\u00f8sken til hovedmedlem.<\/p>\n<div id=\"attachment_327\" style=\"width: 356px\" class=\"wp-caption aligncenter\"><img aria-describedby=\"caption-attachment-327\" decoding=\"async\" loading=\"lazy\" class=\"wp-image-327 \" src=\"http:\/\/www.olsvikskolekorps.no\/wp-content\/uploads\/Top2012-kornett1-300x78.jpg\" alt=\"\" width=\"346\" height=\"90\" srcset=\"https:\/\/www.olsvikskolekorps.no\/wp-content\/uploads\/Top2012-kornett1-300x78.jpg 300w, https:\/\/www.olsvikskolekorps.no\/wp-content\/uploads\/Top2012-kornett1-624x163.jpg 624w, https:\/\/www.olsvikskolekorps.no\/wp-content\/uploads\/Top2012-kornett1.jpg 960w\" sizes=\"(max-width: 346px) 100vw, 346px\" \/><p id=\"caption-attachment-327\" class=\"wp-caption-text\">SPILLEGLEDE \u00b7 ENGASJEMENT \u00b7 MESTRING<\/p><\/div>\n<p><strong>Alle<\/strong> skoleelever fra 2.klasse er hjertelig velkommen til \u00e5 begynne i Olsvik skolekorps og l\u00e6re seg \u00e5 spille et instrument- enten de g\u00e5r p\u00e5 SFO eller ikke. Vi har samspill rett etter skoletid, slik at alle har mulighet \u00e5 delta. I Olsvik skolekorps f\u00e5r elevene b\u00e5de samspill og individuell instrukt\u00f8r p\u00e5 sitt instrument. Vi har fokus p\u00e5 mestring og gode opplevelser- vi har ingen reservebenk, her er alle medlemmer like viktige og velkomne. Vi gir oppl\u00e6ring p\u00e5 f\u00f8lgende instrumenter: Klarinett, tverrfl\u00f8yte, saksofon, kornett, baryton, trombone og slagverk\/perkusjon. Hvis du vil begynne i Olsvik skolekorps, s\u00e5 er det bare \u00e5 ta kontakt med oss p\u00e5: osk(Kr\u00f8llalfa)olsvikskolekorps.no<\/p>\n<p>Vi pleier \u00e5 ta inn nye aspiranter hvert \u00e5r rett etter skolestart (hovedsaklig fra 2. 3. og 4. klasse), men det er mulig \u00e5 begynne i januar\/ februar. Barn fra 5. klasse og oppover kan begynne n\u00e5r som helst i l\u00f8pet av \u00e5ret, det er bare \u00e5 sende en mail til oss.<\/p>\n<hr \/>\n<p><strong>Generelt om opptak av aspiranter<\/strong><\/p>\n<p>Olsvik Skolekorps har normalt opptak av aspiranter (kalles aspiranter 1. spille\u00e5r) 1-2 ganger i \u00e5ret. Opptak innledes med at korpset spiller for p\u00e5 skolen samtidig med at informasjon og p\u00e5meldingsskjema deles ut til disse elevene. Samtidig med denne konserten f\u00e5r elevene se og pr\u00f8ve de instrumenter vi skal starte oppl\u00e6ring p\u00e5. Har man elever i h\u00f8yere klassetrinn som \u00f8nsker \u00e5 begynne, er det bare \u00e5 sende en mail til oss.<\/p>\n<p>Normalt inviterer vi til oppl\u00e6ring p\u00e5 3-5 forskjellige instrumenter, dette vil v\u00e6re avhengig av korpsets sammensetting og hvilke instrumentgrupper det er behov for \u00e5 ta inn.<\/p>\n<p>Man f\u00e5r oppl\u00e6ring p\u00e5 eget instrument i individuelle \u00f8velser med instrukt\u00f8r, eller i sm\u00e5 grupper.<br \/>\nI tillegg har man felles\u00f8velser:<br \/>\nDet f\u00f8rste \u00e5ret har man felles\u00f8velser i aspirantkorps, onsdager kl 18-19.<br \/>\nDet andre eller tredje \u00e5ret\u00a0har man felles\u00f8velser\u00a0i juniorkorpset onsdager kl 18-19.<br \/>\nFra det tredje eller fjerde \u00e5ret har man felles\u00f8velser onsdager kl. 18-19 i hovedkorpset.<\/p>\n<p><strong>Hva koster det \u00e5 g\u00e5 i Olsvik skolekorps?<\/strong> Kontingenten for medlemsskapet fastsettes hvert \u00e5r p\u00e5 \u00e5rsm\u00f8te i mars\/april. Den er n\u00e5 p\u00e5 kr. 1000 per halv\u00e5r for hovedmedlem, og kr. 800 for s\u00f8sken til hovedmedlem.<\/p>\n","protected":false},"excerpt":{"rendered":"<p>Olsvik skolekorps \u00f8ver i ulike grupper om onsdagene p\u00e5 Olsvik skole og her er alle hjertelig velkommen! Har du spilt tidligere eller spiller n\u00e5, er du velkommen til \u00e5 begynne rett i hovedkorpset eller juniorkorpset (ut ifra alder). Korpset \u00f8ver kl 18.00-19.00. Kontingent pr halv\u00e5r er kr 1000,- Alle medlemmer f\u00e5r 30 min individuell instruksjon, [&hellip;]<\/p>\n","protected":false},"author":1,"featured_media":0,"parent":0,"menu_order":0,"comment_status":"closed","ping_status":"closed","template":"","meta":[],"_links":{"self":[{"href":"https:\/\/www.olsvikskolekorps.no\/index.php?rest_route=\/wp\/v2\/pages\/27"}],"collection":[{"href":"https:\/\/www.olsvikskolekorps.no\/index.php?rest_route=\/wp\/v2\/pages"}],"about":[{"href":"https:\/\/www.olsvikskolekorps.no\/index.php?rest_route=\/wp\/v2\/types\/page"}],"author":[{"embeddable":true,"href":"https:\/\/www.olsvikskolekorps.no\/index.php?rest_route=\/wp\/v2\/users\/1"}],"replies":[{"embeddable":true,"href":"https:\/\/www.olsvikskolekorps.no\/index.php?rest_route=%2Fwp%2Fv2%2Fcomments&post=27"}],"version-history":[{"count":20,"href":"https:\/\/www.olsvikskolekorps.no\/index.php?rest_route=\/wp\/v2\/pages\/27\/revisions"}],"predecessor-version":[{"id":632,"href":"https:\/\/www.olsvikskolekorps.no\/index.php?rest_route=\/wp\/v2\/pages\/27\/revisions\/632"}],"wp:attachment":[{"href":"https:\/\/www.olsvikskolekorps.no\/index.php?rest_route=%2Fwp%2Fv2%2Fmedia&parent=27"}],"curies":[{"name":"wp","href":"https:\/\/api.w.org\/{rel}","templated":true}]}}